{"id":57,"date":"2016-07-20T17:33:09","date_gmt":"2016-07-20T17:33:09","guid":{"rendered":"http:\/\/beta.unitedthemes.com\/brooklyn\/?page_id=57"},"modified":"2023-07-16T13:15:58","modified_gmt":"2023-07-16T13:15:58","slug":"contact","status":"publish","type":"page","link":"https:\/\/losttake.com\/pt\/contact\/","title":{"rendered":"Contactos"},"content":{"rendered":"<div class=\"wpb-content-wrapper\"><div id=\"ut-row-6a005c9cd922d\" data-vc-full-width=\"true\" data-vc-full-width-init=\"false\" class=\"vc_row wpb_row vc_row-fluid vc_row-has-fill vc_column-gap-0 ut-row-6a005c9cd9236\" ><div class=\"wpb_column vc_column_container vc_col-lg-3 vc_col-md-6 vc_col-sm-12 vc_col-xs-12\" ><div id=\"ut_inner_column_6a005c9cd9f9b\" class=\"vc_column-inner\" ><div class=\"wpb_wrapper\"><div class=\"wpb_content_element\"><style type=\"text\/css\">#ut_sc_6a005c9cda02c .ut-service-column h3 { color: #ffffff; }#ut_sc_6a005c9cda02c .ut-service-column p { color: #ffffff; }#ut_sc_6a005c9cda02c .ut-service-column p { margin-top: 0px; }#ut_sc_6a005c9cda02c .ut-service-column a.ut-service-column-link { font-size: 12px; }#ut-svg-6a005c9cda02d { display:none; }#ut-svg-6a005c9cda02d.ut-svg-loaded { display:block; }#ut-svg-6a005c9cda02d path { stroke:#adafb2; }<\/style><div id=\"ut_sc_6a005c9cda02c\"  class=\"ut-horizontal-style ut-horizontal-style-align-left  clearfix\" ><figure class=\"ut-service-icon  ut-service-icon-normal ut-service-icon-large\"><i style=\"color: #ffffff;\" class=\"fa fa fa-home\"><\/i><\/figure><div class=\"ut-service-column ut-service-column-horiz\"><h3 data-responsive-font=\"h3\">LOCATION:<\/h3><p class=\"element-with-custom-line-height\" data-responsive-font=\"p\">Porto, Portugal<\/p><\/div><\/div><\/div><\/div><\/div><\/div><div class=\"wpb_column vc_column_container vc_col-lg-3 vc_col-md-6 vc_col-sm-12 vc_col-xs-12\" ><div id=\"ut_inner_column_6a005c9ce23c9\" class=\"vc_column-inner\" ><div class=\"wpb_wrapper\"><div class=\"wpb_content_element\"><style type=\"text\/css\">#ut_sc_6a005c9ce2441 .ut-service-column h3 { color: #ffffff; }#ut_sc_6a005c9ce2441 .ut-service-column p { color: #ffffff; }#ut_sc_6a005c9ce2441 .ut-service-column p { margin-top: 0px; }#ut_sc_6a005c9ce2441 .ut-service-column a.ut-service-column-link { font-size: 12px; }#ut-svg-6a005c9ce2442 { display:none; }#ut-svg-6a005c9ce2442.ut-svg-loaded { display:block; }#ut-svg-6a005c9ce2442 path { stroke:#adafb2; }<\/style><div id=\"ut_sc_6a005c9ce2441\"  class=\"ut-horizontal-style ut-horizontal-style-align-left  clearfix\" ><figure class=\"ut-service-icon  ut-service-icon-normal ut-service-icon-large\"><i style=\"color: #ffffff;\" class=\"fa fa fa-envelope-o\"><\/i><\/figure><div class=\"ut-service-column ut-service-column-horiz\"><h3 data-responsive-font=\"h3\">E-MAIL:<\/h3><p class=\"element-with-custom-line-height\" data-responsive-font=\"p\">filipe@losttake.com<\/p><\/div><\/div><\/div><\/div><\/div><\/div><div class=\"wpb_column vc_column_container vc_col-lg-3 vc_col-md-6 vc_col-sm-12 vc_col-xs-12\" ><div id=\"ut_inner_column_6a005c9ce269f\" class=\"vc_column-inner\" ><div class=\"wpb_wrapper\"><div class=\"wpb_content_element\"><style type=\"text\/css\">#ut_sc_6a005c9ce2707 .ut-service-column h3 { color: #ffffff; }#ut_sc_6a005c9ce2707 .ut-service-column p { color: #ffffff; }#ut_sc_6a005c9ce2707 .ut-service-column p { margin-top: 0px; }#ut_sc_6a005c9ce2707 .ut-service-column a.ut-service-column-link { font-size: 12px; }#ut-svg-6a005c9ce2708 { display:none; }#ut-svg-6a005c9ce2708.ut-svg-loaded { display:block; }#ut-svg-6a005c9ce2708 path { stroke:#adafb2; }<\/style><div id=\"ut_sc_6a005c9ce2707\"  class=\"ut-horizontal-style ut-horizontal-style-align-left  clearfix\" ><figure class=\"ut-service-icon  ut-service-icon-normal ut-service-icon-large\"><i style=\"color: #ffffff;\" class=\"fa fa fa-instagram\"><\/i><\/figure><div class=\"ut-service-column ut-service-column-horiz\"><h3 data-responsive-font=\"h3\">INSTAGRAM:<\/h3><p class=\"element-with-custom-line-height\" data-responsive-font=\"p\">@jfilipemarques<\/p><\/div><\/div><\/div><\/div><\/div><\/div><div class=\"wpb_column vc_column_container vc_col-lg-3 vc_col-md-6 vc_col-sm-12 vc_col-xs-12\" ><div id=\"ut_inner_column_6a005c9ce2968\" class=\"vc_column-inner\" ><div class=\"wpb_wrapper\"><div class=\"wpb_content_element\"><style type=\"text\/css\">#ut_sc_6a005c9ce29d8 .ut-service-column h3 { color: #ffffff; }#ut_sc_6a005c9ce29d8 .ut-service-column.ut-service-column-horiz h3 { font-size:14px !important; }#ut_sc_6a005c9ce29d8 .ut-service-column.ut-service-column-horiz p { font-size:15px !important; }#ut_sc_6a005c9ce29d8 .ut-service-column p { color: #ffffff; }#ut_sc_6a005c9ce29d8 .ut-service-column p { margin-top: 0px; }#ut_sc_6a005c9ce29d8 .ut-service-column a.ut-service-column-link { font-size: 12px; }#ut-svg-6a005c9ce29d9 { display:none; }#ut-svg-6a005c9ce29d9.ut-svg-loaded { display:block; }#ut-svg-6a005c9ce29d9 path { stroke:#adafb2; }<\/style><div id=\"ut_sc_6a005c9ce29d8\"  class=\"ut-horizontal-style ut-horizontal-style-align-left  clearfix\" ><figure class=\"ut-service-icon  ut-service-icon-normal ut-service-icon-large\"><i style=\"color: #ffffff;\" class=\"fa fa fa-linkedin\"><\/i><\/figure><div class=\"ut-service-column ut-service-column-horiz\"><h3 data-responsive-font=\"h3\" data-responsive-font-settings=\"{&quot;base-font-size&quot;:&quot;global&quot;,&quot;font-size&quot;:{&quot;desktop_large&quot;:&quot;14&quot;},&quot;base-line-height&quot;:&quot;global&quot;,&quot;base-letter-spacing&quot;:&quot;global&quot;}\">LINKEDIN:<\/h3><p class=\"element-with-custom-line-height\" data-responsive-font=\"p\" data-responsive-font-settings=\"{&quot;base-font-size&quot;:&quot;global&quot;,&quot;font-size&quot;:{&quot;desktop_large&quot;:&quot;15&quot;},&quot;base-line-height&quot;:&quot;global&quot;,&quot;base-letter-spacing&quot;:&quot;global&quot;}\">jfilipemarques<\/p><\/div><\/div><\/div><\/div><\/div><\/div><style type=\"text\/css\">#ut-row-6a005c9cd922d{margin-bottom: 120px !important;background-color: #adafb2 !important;} <\/style><\/div><div class=\"vc_row-full-width vc_clearfix\"><\/div><div id=\"ut-row-6a005c9ce3079\" data-vc-full-width=\"true\" data-vc-full-width-init=\"false\" class=\"vc_row wpb_row vc_row-fluid vc_column-gap-0 ut-row-6a005c9ce3082\" ><div class=\"wpb_column vc_column_container vc_col-sm-12\" ><div id=\"ut_inner_column_6a005c9ce350b\" class=\"vc_column-inner\" ><div class=\"wpb_wrapper\"><h6 style=\"font-size: 25px;color: #dddddd;text-align: left;text-transform:uppercase\" class=\"vc_custom_heading\">Entre em Contacto<\/h6><div class=\"wpb_content_element\"><style type=\"text\/css\"><\/style><header id=\"ut_header_6a005c9ce3e6e\" class=\"section-header  ut-no-title-linebreak-mobile ut-no-lead-linebreak-mobile pt-style-2 header-left header-tablet-left header-mobile-center element-with-custom-line-height\"><div class=\"element-with-custom-line-height\" ><h2 data-title=\"Contact Form\"  data-responsive-font=\"section_title\" class=\"section-title\"><span>Formul\u00e1rio de Contacto<\/span><\/h2><\/div><div data-delay=\"0\" class=\"lead\"><p>Se assim desejar, pode introduzir os seus detalhes e a sua mensagem no formul\u00e1rio de contacto, com qualquer d\u00favida, coment\u00e1rio ou sugest\u00e3o. Irei receber a sua mensagem, e responder o mais cedo poss\u00edvel.<\/p>\n<\/div><\/header><\/div><\/div><\/div><style type=\"text\/css\">#ut_inner_column_6a005c9ce350b{padding-top: 0px !important;}<\/style><\/div><\/div><div class=\"vc_row-full-width vc_clearfix\"><\/div><div id=\"ut-row-6a005c9ce486b\" data-vc-full-width=\"true\" data-vc-full-width-init=\"false\" class=\"vc_row wpb_row vc_row-fluid vc_column-gap-0 ut-row-6a005c9ce4874\" ><div class=\"wpb_column vc_column_container vc_col-sm-8\" ><div id=\"ut_inner_column_6a005c9ce4ce3\" class=\"vc_column-inner\" ><div class=\"wpb_wrapper\"><div class=\"wpb_content_element\">\n<div class=\"wpcf7 no-js\" id=\"wpcf7-f334-o1\" lang=\"en-US\" dir=\"ltr\" data-wpcf7-id=\"334\">\n<div class=\"screen-reader-response\"><p role=\"status\" aria-live=\"polite\" aria-atomic=\"true\"><\/p> <ul><\/ul><\/div>\n<form action=\"\/pt\/wp-json\/wp\/v2\/pages\/57#wpcf7-f334-o1\" method=\"post\" class=\"wpcf7-form init\" aria-label=\"Contact form\" novalidate=\"novalidate\" data-status=\"init\" data-trp-original-action=\"\/pt\/wp-json\/wp\/v2\/pages\/57#wpcf7-f334-o1\">\n<fieldset class=\"hidden-fields-container\"><input type=\"hidden\" name=\"_wpcf7\" value=\"334\" \/><input type=\"hidden\" name=\"_wpcf7_version\" value=\"6.1\" \/><input type=\"hidden\" name=\"_wpcf7_locale\" value=\"en_US\" \/><input type=\"hidden\" name=\"_wpcf7_unit_tag\" value=\"wpcf7-f334-o1\" \/><input type=\"hidden\" name=\"_wpcf7_container_post\" value=\"0\" \/><input type=\"hidden\" name=\"_wpcf7_posted_data_hash\" value=\"\" \/><input type=\"hidden\" name=\"_wpcf7_recaptcha_response\" value=\"\" \/>\n<\/fieldset>\n<p>O Seu Nome (obrigat\u00f3rio)<br \/>\n    <span class=\"wpcf7-form-control-wrap\" data-name=\"your-name\"><input size=\"40\" maxlength=\"400\" class=\"wpcf7-form-control wpcf7-text wpcf7-validates-as-required\" aria-required=\"true\" aria-invalid=\"false\" value=\"\" type=\"text\" name=\"your-name\" \/><\/span> <\/p>\n\n<p>O Seu E-mail (obrigat\u00f3rio)<br \/>\n    <span class=\"wpcf7-form-control-wrap\" data-name=\"your-email\"><input size=\"40\" maxlength=\"400\" class=\"wpcf7-form-control wpcf7-email wpcf7-validates-as-required wpcf7-text wpcf7-validates-as-email\" aria-required=\"true\" aria-invalid=\"false\" value=\"\" type=\"email\" name=\"your-email\" \/><\/span> <\/p>\n\n<p>Assunto<br \/>\n    <span class=\"wpcf7-form-control-wrap\" data-name=\"your-subject\"><input size=\"40\" maxlength=\"400\" class=\"wpcf7-form-control wpcf7-text\" aria-invalid=\"false\" value=\"\" type=\"text\" name=\"your-subject\" \/><\/span> <\/p>\n\n<p>A Sua Mensagem<br \/>\n    <span class=\"wpcf7-form-control-wrap\" data-name=\"your-message\"><textarea cols=\"40\" rows=\"10\" maxlength=\"2000\" class=\"wpcf7-form-control wpcf7-textarea\" aria-invalid=\"false\" name=\"your-message\"><\/textarea><\/span> <\/p>\n\n<p><input class=\"wpcf7-form-control wpcf7-submit has-spinner\" type=\"submit\" value=\"Enviar\" \/><\/p><p style=\"display: none !important;\" class=\"akismet-fields-container\" data-prefix=\"_wpcf7_ak_\"><label>&#916;<textarea name=\"_wpcf7_ak_hp_textarea\" cols=\"45\" rows=\"8\" maxlength=\"100\"><\/textarea><\/label><input type=\"hidden\" id=\"ak_js_1\" name=\"_wpcf7_ak_js\" value=\"65\"\/><script>document.getElementById( \"ak_js_1\" ).setAttribute( \"value\", ( new Date() ).getTime() );<\/script><\/p><div class=\"wpcf7-response-output\" aria-hidden=\"true\"><\/div>\n<input type=\"hidden\" name=\"trp-form-language\" value=\"pt\"\/><\/form>\n<\/div>\n<\/div>\r\n\t<div class=\"wpb_text_column wpb_content_element\" >\r\n\t\t<div class=\"wpb_wrapper\">\r\n\t\t\t<p>A Lost Take n\u00e3o utiliza a sua informa\u00e7\u00e3o pessoal para fins promocionais, nem a divulga a outras entidades.<br \/>\n<a href=\"https:\/\/losttake.com\/pt\/privacy-policy\/\">Aviso de Privacidade.<\/a><\/p>\n\r\n\t\t<\/div>\r\n\t<\/div>\r\n<\/div><\/div><\/div><div class=\"wpb_column vc_column_container vc_col-sm-4\" ><div id=\"ut_inner_column_6a005c9ce68f2\" class=\"vc_column-inner\" ><div class=\"wpb_wrapper\"><h3 style=\"text-align: left;text-transform:uppercase\" class=\"vc_custom_heading\">Est\u00e1 a contactar-me por causa de uma oportunidade de emprego?<\/h3>\r\n\t<div class=\"wpb_text_column wpb_content_element\" >\r\n\t\t<div class=\"wpb_wrapper\">\r\n\t\t\t<p>Se sim, por favor coloque essa informa\u00e7\u00e3o no assunto, de forma a ajudar-me a diferenciar a sua mensagem. N\u00e3o se esque\u00e7a de especificar o tipo de trabalho de que est\u00e1 \u00e0 procura, a que \u00e1rea pertence e exemplos daquilo que pretende. Naturalmente, por favor preenchar os seus detalhes de contacto, pois ir\u00e3o ajudar-me a responder-lhe mais eficazmente. Obrigado.<\/p>\n\r\n\t\t<\/div>\r\n\t<\/div>\r\n<h3 style=\"text-align: left;text-transform:uppercase\" class=\"vc_custom_heading\">Est\u00e1 a contactar-me com uma quest\u00e3o geral?<\/h3>\r\n\t<div class=\"wpb_text_column wpb_content_element\" >\r\n\t\t<div class=\"wpb_wrapper\">\r\n\t\t\t<p>Se for esse o caso, por favor especifique o mesmo no assunto. Por favor tenha em conta que demorarei mais tempo a responder a quest\u00f5es gerais, do que a quest\u00f5es profissionais, assim se a sua quest\u00e3o for do \u00e2mbito profissional, por exemplo quest\u00f5es de or\u00e7amento ou outros assuntos relacionados, por favor utilize outro t\u00edtulo no assunto. Obrigado.<\/p>\n\r\n\t\t<\/div>\r\n\t<\/div>\r\n<\/div><\/div><\/div><\/div><div class=\"vc_row-full-width vc_clearfix\"><\/div>\n<\/div>","protected":false},"excerpt":{"rendered":"LOCATION:Porto, PortugalE-MAIL:filipe@losttake.comINSTAGRAM:@jfilipemarquesLINKEDIN:jfilipemarquesGet in touchContact FormIf you wish you may fill out the contact form below with your details, and send me a message, with any question, remark or suggestion. I will receive it and get back to you as soon as possible. Your Name (required) Your Email (required) Subject Your Message &#916; Lost Take does [...]","protected":false},"author":1,"featured_media":0,"parent":0,"menu_order":0,"comment_status":"closed","ping_status":"closed","template":"","meta":{"footnotes":""},"class_list":["post-57","page","type-page","status-publish","hentry"],"yoast_head":"<!-- This site is optimized with the Yoast SEO plugin v25.4 - https:\/\/yoast.com\/wordpress\/plugins\/seo\/ -->\n<title>Contact | Lost Take - Find out how to reach us in this contact section.<\/title>\n<meta name=\"description\" content=\"Here you can find all our contact details, and a handy contact form for all your questions or business enquiries, we aim to respond as soon as possible.\" \/>\n<meta name=\"robots\" content=\"index, follow, max-snippet:-1, max-image-preview:large, max-video-preview:-1\" \/>\n<link rel=\"canonical\" href=\"https:\/\/losttake.com\/pt\/contact\/\" \/>\n<meta property=\"og:locale\" content=\"pt_PT\" \/>\n<meta property=\"og:type\" content=\"article\" \/>\n<meta property=\"og:title\" content=\"Contact | Lost Take - Find out how to reach us in this contact section.\" \/>\n<meta property=\"og:description\" content=\"Here you can find all our contact details, and a handy contact form for all your questions or business enquiries, we aim to respond as soon as possible.\" \/>\n<meta property=\"og:url\" content=\"https:\/\/losttake.com\/pt\/contact\/\" \/>\n<meta property=\"og:site_name\" content=\"Lost Take\" \/>\n<meta property=\"article:modified_time\" content=\"2023-07-16T13:15:58+00:00\" \/>\n<meta name=\"twitter:card\" content=\"summary_large_image\" \/>\n<meta name=\"twitter:label1\" content=\"Tempo estimado de leitura\" \/>\n\t<meta name=\"twitter:data1\" content=\"2 minutos\" \/>\n<script type=\"application\/ld+json\" class=\"yoast-schema-graph\">{\"@context\":\"https:\/\/schema.org\",\"@graph\":[{\"@type\":\"WebPage\",\"@id\":\"https:\/\/losttake.com\/contact\/\",\"url\":\"https:\/\/losttake.com\/contact\/\",\"name\":\"Contact | Lost Take - Find out how to reach us in this contact section.\",\"isPartOf\":{\"@id\":\"https:\/\/losttake.com\/#website\"},\"datePublished\":\"2016-07-20T17:33:09+00:00\",\"dateModified\":\"2023-07-16T13:15:58+00:00\",\"description\":\"Here you can find all our contact details, and a handy contact form for all your questions or business enquiries, we aim to respond as soon as possible.\",\"breadcrumb\":{\"@id\":\"https:\/\/losttake.com\/contact\/#breadcrumb\"},\"inLanguage\":\"pt-PT\",\"potentialAction\":[{\"@type\":\"ReadAction\",\"target\":[\"https:\/\/losttake.com\/contact\/\"]}]},{\"@type\":\"BreadcrumbList\",\"@id\":\"https:\/\/losttake.com\/contact\/#breadcrumb\",\"itemListElement\":[{\"@type\":\"ListItem\",\"position\":1,\"name\":\"Home\",\"item\":\"https:\/\/losttake.com\/\"},{\"@type\":\"ListItem\",\"position\":2,\"name\":\"Contact\"}]},{\"@type\":\"WebSite\",\"@id\":\"https:\/\/losttake.com\/#website\",\"url\":\"https:\/\/losttake.com\/\",\"name\":\"Lost Take\",\"description\":\"Creative Studio\",\"publisher\":{\"@id\":\"https:\/\/losttake.com\/#organization\"},\"potentialAction\":[{\"@type\":\"SearchAction\",\"target\":{\"@type\":\"EntryPoint\",\"urlTemplate\":\"https:\/\/losttake.com\/?s={search_term_string}\"},\"query-input\":{\"@type\":\"PropertyValueSpecification\",\"valueRequired\":true,\"valueName\":\"search_term_string\"}}],\"inLanguage\":\"pt-PT\"},{\"@type\":\"Organization\",\"@id\":\"https:\/\/losttake.com\/#organization\",\"name\":\"Lost Take\",\"url\":\"https:\/\/losttake.com\/\",\"logo\":{\"@type\":\"ImageObject\",\"inLanguage\":\"pt-PT\",\"@id\":\"https:\/\/losttake.com\/#\/schema\/logo\/image\/\",\"url\":\"https:\/\/losttake.com\/wp-content\/uploads\/2017\/09\/Logo_2_normal-1-e1605287807362.png\",\"contentUrl\":\"https:\/\/losttake.com\/wp-content\/uploads\/2017\/09\/Logo_2_normal-1-e1605287807362.png\",\"width\":178,\"height\":100,\"caption\":\"Lost Take\"},\"image\":{\"@id\":\"https:\/\/losttake.com\/#\/schema\/logo\/image\/\"}}]}<\/script>\n<!-- \/ Yoast SEO plugin. -->","yoast_head_json":{"title":"Contact | Lost Take - Find out how to reach us in this contact section.","description":"Here you can find all our contact details, and a handy contact form for all your questions or business enquiries, we aim to respond as soon as possible.","robots":{"index":"index","follow":"follow","max-snippet":"max-snippet:-1","max-image-preview":"max-image-preview:large","max-video-preview":"max-video-preview:-1"},"canonical":"https:\/\/losttake.com\/pt\/contact\/","og_locale":"pt_PT","og_type":"article","og_title":"Contact | Lost Take - Find out how to reach us in this contact section.","og_description":"Here you can find all our contact details, and a handy contact form for all your questions or business enquiries, we aim to respond as soon as possible.","og_url":"https:\/\/losttake.com\/pt\/contact\/","og_site_name":"Lost Take","article_modified_time":"2023-07-16T13:15:58+00:00","twitter_card":"summary_large_image","twitter_misc":{"Tempo estimado de leitura":"2 minutos"},"schema":{"@context":"https:\/\/schema.org","@graph":[{"@type":"WebPage","@id":"https:\/\/losttake.com\/contact\/","url":"https:\/\/losttake.com\/contact\/","name":"Contact | Lost Take - Find out how to reach us in this contact section.","isPartOf":{"@id":"https:\/\/losttake.com\/#website"},"datePublished":"2016-07-20T17:33:09+00:00","dateModified":"2023-07-16T13:15:58+00:00","description":"Here you can find all our contact details, and a handy contact form for all your questions or business enquiries, we aim to respond as soon as possible.","breadcrumb":{"@id":"https:\/\/losttake.com\/contact\/#breadcrumb"},"inLanguage":"pt-PT","potentialAction":[{"@type":"ReadAction","target":["https:\/\/losttake.com\/contact\/"]}]},{"@type":"BreadcrumbList","@id":"https:\/\/losttake.com\/contact\/#breadcrumb","itemListElement":[{"@type":"ListItem","position":1,"name":"Home","item":"https:\/\/losttake.com\/"},{"@type":"ListItem","position":2,"name":"Contact"}]},{"@type":"WebSite","@id":"https:\/\/losttake.com\/#website","url":"https:\/\/losttake.com\/","name":"Lost Take","description":"Creative Studio","publisher":{"@id":"https:\/\/losttake.com\/#organization"},"potentialAction":[{"@type":"SearchAction","target":{"@type":"EntryPoint","urlTemplate":"https:\/\/losttake.com\/?s={search_term_string}"},"query-input":{"@type":"PropertyValueSpecification","valueRequired":true,"valueName":"search_term_string"}}],"inLanguage":"pt-PT"},{"@type":"Organization","@id":"https:\/\/losttake.com\/#organization","name":"Lost Take","url":"https:\/\/losttake.com\/","logo":{"@type":"ImageObject","inLanguage":"pt-PT","@id":"https:\/\/losttake.com\/#\/schema\/logo\/image\/","url":"https:\/\/losttake.com\/wp-content\/uploads\/2017\/09\/Logo_2_normal-1-e1605287807362.png","contentUrl":"https:\/\/losttake.com\/wp-content\/uploads\/2017\/09\/Logo_2_normal-1-e1605287807362.png","width":178,"height":100,"caption":"Lost Take"},"image":{"@id":"https:\/\/losttake.com\/#\/schema\/logo\/image\/"}}]}},"jetpack_shortlink":"https:\/\/wp.me\/Paj93P-V","_links":{"self":[{"href":"https:\/\/losttake.com\/pt\/wp-json\/wp\/v2\/pages\/57","targetHints":{"allow":["GET"]}}],"collection":[{"href":"https:\/\/losttake.com\/pt\/wp-json\/wp\/v2\/pages"}],"about":[{"href":"https:\/\/losttake.com\/pt\/wp-json\/wp\/v2\/types\/page"}],"author":[{"embeddable":true,"href":"https:\/\/losttake.com\/pt\/wp-json\/wp\/v2\/users\/1"}],"replies":[{"embeddable":true,"href":"https:\/\/losttake.com\/pt\/wp-json\/wp\/v2\/comments?post=57"}],"version-history":[{"count":3,"href":"https:\/\/losttake.com\/pt\/wp-json\/wp\/v2\/pages\/57\/revisions"}],"predecessor-version":[{"id":5511,"href":"https:\/\/losttake.com\/pt\/wp-json\/wp\/v2\/pages\/57\/revisions\/5511"}],"wp:attachment":[{"href":"https:\/\/losttake.com\/pt\/wp-json\/wp\/v2\/media?parent=57"}],"curies":[{"name":"wp","href":"https:\/\/api.w.org\/{rel}","templated":true}]}}